{"id":301,"date":"2025-02-20T19:11:47","date_gmt":"2025-02-20T18:11:47","guid":{"rendered":"https:\/\/www.futbalofz.sk\/?page_id=301"},"modified":"2025-02-20T19:11:47","modified_gmt":"2025-02-20T18:11:47","slug":"prihlaska-do-kurzu-rozhodcov","status":"publish","type":"page","link":"https:\/\/www.futbalofz.sk\/index.php\/prihlaska-do-kurzu-rozhodcov\/","title":{"rendered":"Prihl\u00e1\u0161ka do kurzu rozhodcov"},"content":{"rendered":"\n<div data-wp-interactive=\"core\/file\" class=\"wp-block-file\"><object data-wp-bind--hidden=\"!state.hasPdfPreview\" hidden class=\"wp-block-file__embed\" data=\"https:\/\/www.futbalofz.sk\/wp-content\/uploads\/2025\/02\/Prihlaska-do-kurzu-rozhodcov.pdf\" type=\"application\/pdf\" style=\"width:100%;height:600px\" aria-label=\"Vlo\u017ei\u0165 Prihl\u00e1\u0161ka do kurzu rozhodcov.\"><\/object><a id=\"wp-block-file--media-dd9293fe-e3f7-4ddf-a841-00b7a0f24246\" href=\"https:\/\/www.futbalofz.sk\/wp-content\/uploads\/2025\/02\/Prihlaska-do-kurzu-rozhodcov.pdf\">Prihl\u00e1\u0161ka do kurzu rozhodcov<\/a><a href=\"https:\/\/www.futbalofz.sk\/wp-content\/uploads\/2025\/02\/Prihlaska-do-kurzu-rozhodcov.pdf\" class=\"wp-block-file__button wp-element-button\" download aria-describedby=\"wp-block-file--media-dd9293fe-e3f7-4ddf-a841-00b7a0f24246\">Stiahnu\u0165<\/a><\/div>\n","protected":false},"excerpt":{"rendered":"","protected":false},"author":4,"featured_media":0,"parent":0,"menu_order":0,"comment_status":"closed","ping_status":"closed","template":"","meta":{"footnotes":""},"class_list":["post-301","page","type-page","status-publish","hentry"],"_links":{"self":[{"href":"https:\/\/www.futbalofz.sk\/index.php\/wp-json\/wp\/v2\/pages\/301","targetHints":{"allow":["GET"]}}],"collection":[{"href":"https:\/\/www.futbalofz.sk\/index.php\/wp-json\/wp\/v2\/pages"}],"about":[{"href":"https:\/\/www.futbalofz.sk\/index.php\/wp-json\/wp\/v2\/types\/page"}],"author":[{"embeddable":true,"href":"https:\/\/www.futbalofz.sk\/index.php\/wp-json\/wp\/v2\/users\/4"}],"replies":[{"embeddable":true,"href":"https:\/\/www.futbalofz.sk\/index.php\/wp-json\/wp\/v2\/comments?post=301"}],"version-history":[{"count":1,"href":"https:\/\/www.futbalofz.sk\/index.php\/wp-json\/wp\/v2\/pages\/301\/revisions"}],"predecessor-version":[{"id":304,"href":"https:\/\/www.futbalofz.sk\/index.php\/wp-json\/wp\/v2\/pages\/301\/revisions\/304"}],"wp:attachment":[{"href":"https:\/\/www.futbalofz.sk\/index.php\/wp-json\/wp\/v2\/media?parent=301"}],"curies":[{"name":"wp","href":"https:\/\/api.w.org\/{rel}","templated":true}]}}