{"id":2971,"date":"2026-05-12T10:00:35","date_gmt":"2026-05-12T08:00:35","guid":{"rendered":"https:\/\/www.futbalofz.sk\/?page_id=2971"},"modified":"2026-05-12T11:51:03","modified_gmt":"2026-05-12T09:51:03","slug":"rocnik-2014-u12","status":"publish","type":"page","link":"https:\/\/www.futbalofz.sk\/index.php\/rocnik-2014-u12\/","title":{"rendered":"ro\u010dn\u00edk 2014 = U12"},"content":{"rendered":"\n<p>D\u0148a 11.5.2026 sa v priestoroch M\u0160K N\u00e1mestovo uskuto\u010dnilo 3.kolo v\u00fdberu hr\u00e1\u010dov ro\u010dn\u00edka 2014.<br>Hr\u00e1\u010di bud\u00fa reprezentova\u0165 Oravsk\u00fd futbalov\u00fd zv\u00e4z na Medzi-oblastnom futbalovom turnaji 21.05.2026 (N\u00e1mestovo), v ktorom si zmeraj\u00fa sily proti v\u00fdberu Liptovsk\u00e9ho a Tur\u010dianskeho futbalov\u00e9ho zv\u00e4zu.<br><br>Nomin\u00e1cia hr\u00e1\u010dov:<br>Matej Spuch\u013e\u00e1k, Tar\u010d\u00e1k \u013dubom\u00edr, Topor Tibor, Ga\u0161par Filip, Samuel Dur\u010d\u00e1k, Alex Namislovsk\u00fd, Adri\u00e1n Kub\u00e1ni (M\u0160K N\u00c1MESTOVO)<br>Denis Ambr\u00f3z, Filip Kavo\u0148, Martin Pav\u010d, Adam Vaterka (Oravan Oravsk\u00e1 Jasenica),<br>Fedor Marek, Ob\u0161ivan Lukas (Fatran Z\u00e1zriv\u00e1)<br>Kvak Tom\u00e1\u0161 (TJ Oravsk\u00e1 Lesn\u00e1)<br>Ladislav Ivanko (FK Ni\u017en\u00e1)<br>Trojan Jozef (TJ Sokol Liesek)<br>Jon\u00e1k Jakub (MFK Doln\u00fd Kub\u00edn)<br>Alex Kub\u00e1\u0161ek (FK Oravan Brezovica)<br><br>Tr\u00e9neri: Pavol SU\u010c\u00c1K,<\/p>\n\n\n\n<figure class=\"wp-block-image size-full\"><img fetchpriority=\"high\" decoding=\"async\" width=\"2040\" height=\"1530\" src=\"https:\/\/www.futbalofz.sk\/wp-content\/uploads\/2026\/05\/WhatsApp-Image-2026-05-11-at-19.38.33.jpeg\" alt=\"\" class=\"wp-image-2975\" srcset=\"https:\/\/www.futbalofz.sk\/wp-content\/uploads\/2026\/05\/WhatsApp-Image-2026-05-11-at-19.38.33.jpeg 2040w, https:\/\/www.futbalofz.sk\/wp-content\/uploads\/2026\/05\/WhatsApp-Image-2026-05-11-at-19.38.33-300x225.jpeg 300w, https:\/\/www.futbalofz.sk\/wp-content\/uploads\/2026\/05\/WhatsApp-Image-2026-05-11-at-19.38.33-768x576.jpeg 768w, https:\/\/www.futbalofz.sk\/wp-content\/uploads\/2026\/05\/WhatsApp-Image-2026-05-11-at-19.38.33-1536x1152.jpeg 1536w, https:\/\/www.futbalofz.sk\/wp-content\/uploads\/2026\/05\/WhatsApp-Image-2026-05-11-at-19.38.33-1300x975.jpeg 1300w\" sizes=\"(max-width: 2040px) 100vw, 2040px\" \/><\/figure>\n","protected":false},"excerpt":{"rendered":"<p>D\u0148a 11.5.2026 sa v priestoroch M\u0160K N\u00e1mestovo uskuto\u010dnilo 3.kolo v\u00fdberu hr\u00e1\u010dov ro\u010dn\u00edka 2014.Hr\u00e1\u010di bud\u00fa reprezentova\u0165 Oravsk\u00fd &hellip; <a title=\"ro\u010dn\u00edk 2014 = U12\" class=\"hm-read-more\" href=\"https:\/\/www.futbalofz.sk\/index.php\/rocnik-2014-u12\/\"><span class=\"screen-reader-text\">ro\u010dn\u00edk 2014 = U12<\/span>Read more<\/a><\/p>\n","protected":false},"author":4,"featured_media":0,"parent":0,"menu_order":0,"comment_status":"closed","ping_status":"closed","template":"","meta":{"footnotes":""},"class_list":["post-2971","page","type-page","status-publish","hentry"],"_links":{"self":[{"href":"https:\/\/www.futbalofz.sk\/index.php\/wp-json\/wp\/v2\/pages\/2971","targetHints":{"allow":["GET"]}}],"collection":[{"href":"https:\/\/www.futbalofz.sk\/index.php\/wp-json\/wp\/v2\/pages"}],"about":[{"href":"https:\/\/www.futbalofz.sk\/index.php\/wp-json\/wp\/v2\/types\/page"}],"author":[{"embeddable":true,"href":"https:\/\/www.futbalofz.sk\/index.php\/wp-json\/wp\/v2\/users\/4"}],"replies":[{"embeddable":true,"href":"https:\/\/www.futbalofz.sk\/index.php\/wp-json\/wp\/v2\/comments?post=2971"}],"version-history":[{"count":3,"href":"https:\/\/www.futbalofz.sk\/index.php\/wp-json\/wp\/v2\/pages\/2971\/revisions"}],"predecessor-version":[{"id":2977,"href":"https:\/\/www.futbalofz.sk\/index.php\/wp-json\/wp\/v2\/pages\/2971\/revisions\/2977"}],"wp:attachment":[{"href":"https:\/\/www.futbalofz.sk\/index.php\/wp-json\/wp\/v2\/media?parent=2971"}],"curies":[{"name":"wp","href":"https:\/\/api.w.org\/{rel}","templated":true}]}}