{"id":297,"date":"2025-02-20T19:08:13","date_gmt":"2025-02-20T18:08:13","guid":{"rendered":"https:\/\/www.futbalofz.sk\/?page_id=297"},"modified":"2025-02-20T19:08:14","modified_gmt":"2025-02-20T18:08:14","slug":"ostarsenie-hraca","status":"publish","type":"page","link":"https:\/\/www.futbalofz.sk\/index.php\/ostarsenie-hraca\/","title":{"rendered":"Ostar\u0161enie hr\u00e1\u010da"},"content":{"rendered":"\n<div data-wp-interactive=\"core\/file\" class=\"wp-block-file\"><object data-wp-bind--hidden=\"!state.hasPdfPreview\" hidden class=\"wp-block-file__embed\" data=\"https:\/\/www.futbalofz.sk\/wp-content\/uploads\/2025\/02\/Ostarsenie-hraca.pdf\" type=\"application\/pdf\" style=\"width:100%;height:600px\" aria-label=\"Vlo\u017ei\u0165 Ostar\u0161enie hr\u00e1\u010da.\"><\/object><a id=\"wp-block-file--media-b7a36145-79ae-43a2-bc94-dc9fbac59133\" href=\"https:\/\/www.futbalofz.sk\/wp-content\/uploads\/2025\/02\/Ostarsenie-hraca.pdf\">Ostar\u0161enie hr\u00e1\u010da<\/a><a href=\"https:\/\/www.futbalofz.sk\/wp-content\/uploads\/2025\/02\/Ostarsenie-hraca.pdf\" class=\"wp-block-file__button wp-element-button\" download aria-describedby=\"wp-block-file--media-b7a36145-79ae-43a2-bc94-dc9fbac59133\">Stiahnu\u0165<\/a><\/div>\n","protected":false},"excerpt":{"rendered":"","protected":false},"author":4,"featured_media":0,"parent":0,"menu_order":0,"comment_status":"closed","ping_status":"closed","template":"","meta":{"footnotes":""},"class_list":["post-297","page","type-page","status-publish","hentry"],"_links":{"self":[{"href":"https:\/\/www.futbalofz.sk\/index.php\/wp-json\/wp\/v2\/pages\/297","targetHints":{"allow":["GET"]}}],"collection":[{"href":"https:\/\/www.futbalofz.sk\/index.php\/wp-json\/wp\/v2\/pages"}],"about":[{"href":"https:\/\/www.futbalofz.sk\/index.php\/wp-json\/wp\/v2\/types\/page"}],"author":[{"embeddable":true,"href":"https:\/\/www.futbalofz.sk\/index.php\/wp-json\/wp\/v2\/users\/4"}],"replies":[{"embeddable":true,"href":"https:\/\/www.futbalofz.sk\/index.php\/wp-json\/wp\/v2\/comments?post=297"}],"version-history":[{"count":1,"href":"https:\/\/www.futbalofz.sk\/index.php\/wp-json\/wp\/v2\/pages\/297\/revisions"}],"predecessor-version":[{"id":299,"href":"https:\/\/www.futbalofz.sk\/index.php\/wp-json\/wp\/v2\/pages\/297\/revisions\/299"}],"wp:attachment":[{"href":"https:\/\/www.futbalofz.sk\/index.php\/wp-json\/wp\/v2\/media?parent=297"}],"curies":[{"name":"wp","href":"https:\/\/api.w.org\/{rel}","templated":true}]}}