{"id":2945,"date":"2026-05-01T12:34:51","date_gmt":"2026-05-01T10:34:51","guid":{"rendered":"https:\/\/www.futbalofz.sk\/?page_id=2945"},"modified":"2026-05-01T12:58:31","modified_gmt":"2026-05-01T10:58:31","slug":"rocnik-2012-u14","status":"publish","type":"page","link":"https:\/\/www.futbalofz.sk\/index.php\/rocnik-2012-u14\/","title":{"rendered":"ro\u010dn\u00edk 2012 = U14"},"content":{"rendered":"\n<p><strong>Program podpory talentovan\u00fdch hr\u00e1\u010dov Slovensk\u00e9ho futbalov\u00e9ho zv\u00e4zu funguje u\u017e nieko\u013eko rokov a jeho hlavnou \u00falohou je vyh\u013ead\u00e1vanie a podpora talentovan\u00fdch mlad\u00fdch hr\u00e1\u010dov.<\/strong><\/p>\n\n\n\n<p><strong>Projekt je tvoren\u00fd tak pre elitn\u00fd ml\u00e1de\u017en\u00edcky, ako aj amat\u00e9rsky futbal.<\/strong><\/p>\n\n\n\n<p><strong>Tieto v\u00fdbery sa konaj\u00fa v r\u00e1mci pr\u00edpravy na Region\u00e1lny turnaj \u201eGRASSROOTS\u201c v NTC Poprad.<\/strong><\/p>\n\n\n\n<figure class=\"wp-block-image size-full\"><img fetchpriority=\"high\" decoding=\"async\" width=\"1025\" height=\"1280\" src=\"https:\/\/www.futbalofz.sk\/wp-content\/uploads\/2026\/05\/PPT-2012-Oravan-Oravska-Jasenica.jpeg\" alt=\"\" class=\"wp-image-2946\" srcset=\"https:\/\/www.futbalofz.sk\/wp-content\/uploads\/2026\/05\/PPT-2012-Oravan-Oravska-Jasenica.jpeg 1025w, https:\/\/www.futbalofz.sk\/wp-content\/uploads\/2026\/05\/PPT-2012-Oravan-Oravska-Jasenica-240x300.jpeg 240w, https:\/\/www.futbalofz.sk\/wp-content\/uploads\/2026\/05\/PPT-2012-Oravan-Oravska-Jasenica-768x959.jpeg 768w\" sizes=\"(max-width: 1025px) 100vw, 1025px\" \/><\/figure>\n","protected":false},"excerpt":{"rendered":"<p>Program podpory talentovan\u00fdch hr\u00e1\u010dov Slovensk\u00e9ho futbalov\u00e9ho zv\u00e4zu funguje u\u017e nieko\u013eko rokov a jeho hlavnou \u00falohou je &hellip; <a title=\"ro\u010dn\u00edk 2012 = U14\" class=\"hm-read-more\" href=\"https:\/\/www.futbalofz.sk\/index.php\/rocnik-2012-u14\/\"><span class=\"screen-reader-text\">ro\u010dn\u00edk 2012 = U14<\/span>Read more<\/a><\/p>\n","protected":false},"author":4,"featured_media":0,"parent":0,"menu_order":0,"comment_status":"closed","ping_status":"closed","template":"","meta":{"footnotes":""},"class_list":["post-2945","page","type-page","status-publish","hentry"],"_links":{"self":[{"href":"https:\/\/www.futbalofz.sk\/index.php\/wp-json\/wp\/v2\/pages\/2945","targetHints":{"allow":["GET"]}}],"collection":[{"href":"https:\/\/www.futbalofz.sk\/index.php\/wp-json\/wp\/v2\/pages"}],"about":[{"href":"https:\/\/www.futbalofz.sk\/index.php\/wp-json\/wp\/v2\/types\/page"}],"author":[{"embeddable":true,"href":"https:\/\/www.futbalofz.sk\/index.php\/wp-json\/wp\/v2\/users\/4"}],"replies":[{"embeddable":true,"href":"https:\/\/www.futbalofz.sk\/index.php\/wp-json\/wp\/v2\/comments?post=2945"}],"version-history":[{"count":2,"href":"https:\/\/www.futbalofz.sk\/index.php\/wp-json\/wp\/v2\/pages\/2945\/revisions"}],"predecessor-version":[{"id":2950,"href":"https:\/\/www.futbalofz.sk\/index.php\/wp-json\/wp\/v2\/pages\/2945\/revisions\/2950"}],"wp:attachment":[{"href":"https:\/\/www.futbalofz.sk\/index.php\/wp-json\/wp\/v2\/media?parent=2945"}],"curies":[{"name":"wp","href":"https:\/\/api.w.org\/{rel}","templated":true}]}}