{"id":2925,"date":"2026-04-24T21:24:34","date_gmt":"2026-04-24T19:24:34","guid":{"rendered":"https:\/\/www.futbalofz.sk\/?page_id=2925"},"modified":"2026-04-24T21:30:11","modified_gmt":"2026-04-24T19:30:11","slug":"rocnik-2013-u13","status":"publish","type":"page","link":"https:\/\/www.futbalofz.sk\/index.php\/rocnik-2013-u13\/","title":{"rendered":"ro\u010dn\u00edk 2013 = U13"},"content":{"rendered":"\n<figure class=\"wp-block-image size-full\"><img fetchpriority=\"high\" decoding=\"async\" width=\"2048\" height=\"2048\" src=\"https:\/\/www.futbalofz.sk\/wp-content\/uploads\/2026\/04\/2013.jpeg\" alt=\"\" class=\"wp-image-2927\" srcset=\"https:\/\/www.futbalofz.sk\/wp-content\/uploads\/2026\/04\/2013.jpeg 2048w, https:\/\/www.futbalofz.sk\/wp-content\/uploads\/2026\/04\/2013-300x300.jpeg 300w, https:\/\/www.futbalofz.sk\/wp-content\/uploads\/2026\/04\/2013-150x150.jpeg 150w, https:\/\/www.futbalofz.sk\/wp-content\/uploads\/2026\/04\/2013-768x768.jpeg 768w, https:\/\/www.futbalofz.sk\/wp-content\/uploads\/2026\/04\/2013-1536x1536.jpeg 1536w, https:\/\/www.futbalofz.sk\/wp-content\/uploads\/2026\/04\/2013-1300x1300.jpeg 1300w\" sizes=\"(max-width: 2048px) 100vw, 2048px\" \/><\/figure>\n\n\n\n<p>Region\u00e1lni tr\u00e9neri okres N\u00e1mestovo:<br>Mgr. Franti\u0161ek SLAMEN\u00cdK &#8211; 0911 691 900<br>Peter GNIDA &#8211; 0903 661 259<\/p>\n\n\n\n<p><\/p>\n","protected":false},"excerpt":{"rendered":"<p>Region\u00e1lni tr\u00e9neri okres N\u00e1mestovo:Mgr. Franti\u0161ek SLAMEN\u00cdK &#8211; 0911 691 900Peter GNIDA &#8211; 0903 661 259<\/p>\n","protected":false},"author":4,"featured_media":0,"parent":0,"menu_order":0,"comment_status":"closed","ping_status":"closed","template":"","meta":{"footnotes":""},"class_list":["post-2925","page","type-page","status-publish","hentry"],"_links":{"self":[{"href":"https:\/\/www.futbalofz.sk\/index.php\/wp-json\/wp\/v2\/pages\/2925","targetHints":{"allow":["GET"]}}],"collection":[{"href":"https:\/\/www.futbalofz.sk\/index.php\/wp-json\/wp\/v2\/pages"}],"about":[{"href":"https:\/\/www.futbalofz.sk\/index.php\/wp-json\/wp\/v2\/types\/page"}],"author":[{"embeddable":true,"href":"https:\/\/www.futbalofz.sk\/index.php\/wp-json\/wp\/v2\/users\/4"}],"replies":[{"embeddable":true,"href":"https:\/\/www.futbalofz.sk\/index.php\/wp-json\/wp\/v2\/comments?post=2925"}],"version-history":[{"count":2,"href":"https:\/\/www.futbalofz.sk\/index.php\/wp-json\/wp\/v2\/pages\/2925\/revisions"}],"predecessor-version":[{"id":2931,"href":"https:\/\/www.futbalofz.sk\/index.php\/wp-json\/wp\/v2\/pages\/2925\/revisions\/2931"}],"wp:attachment":[{"href":"https:\/\/www.futbalofz.sk\/index.php\/wp-json\/wp\/v2\/media?parent=2925"}],"curies":[{"name":"wp","href":"https:\/\/api.w.org\/{rel}","templated":true}]}}