{"id":286,"date":"2025-02-20T17:49:02","date_gmt":"2025-02-20T16:49:02","guid":{"rendered":"https:\/\/www.futbalofz.sk\/?page_id=286"},"modified":"2026-04-03T10:05:56","modified_gmt":"2026-04-03T08:05:56","slug":"dohody","status":"publish","type":"page","link":"https:\/\/www.futbalofz.sk\/index.php\/dohody\/","title":{"rendered":"Dohody"},"content":{"rendered":"\n<div class=\"wp-block-columns is-layout-flex wp-container-core-columns-is-layout-9d6595d7 wp-block-columns-is-layout-flex\">\n<div class=\"wp-block-column is-layout-flow wp-block-column-is-layout-flow\" style=\"flex-basis:100%\">\n<p><strong>Dohoda o pracovnej \u010dinnosti<\/strong><\/p>\n<\/div>\n<\/div>\n\n\n\n<div data-wp-interactive=\"core\/file\" class=\"wp-block-file\"><object data-wp-bind--hidden=\"!state.hasPdfPreview\" hidden class=\"wp-block-file__embed\" data=\"https:\/\/www.futbalofz.sk\/wp-content\/uploads\/2026\/02\/dohoda_pracovna-cinnost.pdf\" type=\"application\/pdf\" style=\"width:100%;height:600px\" aria-label=\"Vlo\u017ei\u0165 dohoda_pracovna-cinnost.\"><\/object><a id=\"wp-block-file--media-b32a219d-5eed-4fd1-9dc5-5cd0f908f70e\" href=\"https:\/\/www.futbalofz.sk\/wp-content\/uploads\/2026\/02\/dohoda_pracovna-cinnost.pdf\">dohoda_pracovna-cinnost<\/a><a href=\"https:\/\/www.futbalofz.sk\/wp-content\/uploads\/2026\/02\/dohoda_pracovna-cinnost.pdf\" class=\"wp-block-file__button wp-element-button\" download aria-describedby=\"wp-block-file--media-b32a219d-5eed-4fd1-9dc5-5cd0f908f70e\">Stiahnu\u0165<\/a><\/div>\n\n\n\n<div class=\"wp-block-columns is-layout-flex wp-container-core-columns-is-layout-9d6595d7 wp-block-columns-is-layout-flex\">\n<div class=\"wp-block-column is-layout-flow wp-block-column-is-layout-flow\" style=\"flex-basis:100%\">\n<p><strong>Dohoda o brig\u00e1dnickej pr\u00e1ci \u0161tudenta<\/strong><\/p>\n<\/div>\n<\/div>\n\n\n\n<div data-wp-interactive=\"core\/file\" class=\"wp-block-file\"><object data-wp-bind--hidden=\"!state.hasPdfPreview\" hidden class=\"wp-block-file__embed\" data=\"https:\/\/www.futbalofz.sk\/wp-content\/uploads\/2026\/02\/dohoda_student.pdf\" type=\"application\/pdf\" style=\"width:100%;height:600px\" aria-label=\"Vlo\u017ei\u0165 dohoda_student.\"><\/object><a id=\"wp-block-file--media-18f2d64a-e987-4fe0-8339-9d871695df5d\" href=\"https:\/\/www.futbalofz.sk\/wp-content\/uploads\/2026\/02\/dohoda_student.pdf\">dohoda_student<\/a><a href=\"https:\/\/www.futbalofz.sk\/wp-content\/uploads\/2026\/02\/dohoda_student.pdf\" class=\"wp-block-file__button wp-element-button\" download aria-describedby=\"wp-block-file--media-18f2d64a-e987-4fe0-8339-9d871695df5d\">Stiahnu\u0165<\/a><\/div>\n\n\n\n<div class=\"wp-block-columns is-layout-flex wp-container-core-columns-is-layout-9d6595d7 wp-block-columns-is-layout-flex\">\n<div class=\"wp-block-column is-layout-flow wp-block-column-is-layout-flow\" style=\"flex-basis:100%\"><\/div>\n<\/div>\n\n\n\n<div class=\"wp-block-columns is-layout-flex wp-container-core-columns-is-layout-9d6595d7 wp-block-columns-is-layout-flex\">\n<div class=\"wp-block-column is-layout-flow wp-block-column-is-layout-flow\" style=\"flex-basis:100%\">\n<div class=\"wp-block-file\"><a id=\"wp-block-file--media-36cbb0a5-dbe0-4d72-a866-60063b6cbcb3\" href=\"https:\/\/www.futbalofz.sk\/wp-content\/uploads\/2026\/04\/Cestne_prehlasenie_a-R-do-18-rokov.doc\">\u010cestne_prehlasenie_a &#8211; R do 18 rokov<\/a><a href=\"https:\/\/www.futbalofz.sk\/wp-content\/uploads\/2026\/04\/Cestne_prehlasenie_a-R-do-18-rokov.doc\" class=\"wp-block-file__button wp-element-button\" download aria-describedby=\"wp-block-file--media-36cbb0a5-dbe0-4d72-a866-60063b6cbcb3\">Stiahnu\u0165<\/a><\/div>\n<\/div>\n<\/div>\n\n\n\n<div class=\"wp-block-file\"><a id=\"wp-block-file--media-53dee087-a464-48ea-a154-5253e44ac6ed\" href=\"https:\/\/www.futbalofz.sk\/wp-content\/uploads\/2026\/04\/Cestne_prehlasenie.doc\">\u010cestne_prehlasenie<\/a><a href=\"https:\/\/www.futbalofz.sk\/wp-content\/uploads\/2026\/04\/Cestne_prehlasenie.doc\" class=\"wp-block-file__button wp-element-button\" download aria-describedby=\"wp-block-file--media-53dee087-a464-48ea-a154-5253e44ac6ed\">Stiahnu\u0165<\/a><\/div>\n\n\n\n<p><\/p>\n","protected":false},"excerpt":{"rendered":"<p>Dohoda o pracovnej \u010dinnosti Dohoda o brig\u00e1dnickej pr\u00e1ci \u0161tudenta<\/p>\n","protected":false},"author":4,"featured_media":0,"parent":0,"menu_order":0,"comment_status":"closed","ping_status":"closed","template":"","meta":{"footnotes":""},"class_list":["post-286","page","type-page","status-publish","hentry"],"_links":{"self":[{"href":"https:\/\/www.futbalofz.sk\/index.php\/wp-json\/wp\/v2\/pages\/286","targetHints":{"allow":["GET"]}}],"collection":[{"href":"https:\/\/www.futbalofz.sk\/index.php\/wp-json\/wp\/v2\/pages"}],"about":[{"href":"https:\/\/www.futbalofz.sk\/index.php\/wp-json\/wp\/v2\/types\/page"}],"author":[{"embeddable":true,"href":"https:\/\/www.futbalofz.sk\/index.php\/wp-json\/wp\/v2\/users\/4"}],"replies":[{"embeddable":true,"href":"https:\/\/www.futbalofz.sk\/index.php\/wp-json\/wp\/v2\/comments?post=286"}],"version-history":[{"count":7,"href":"https:\/\/www.futbalofz.sk\/index.php\/wp-json\/wp\/v2\/pages\/286\/revisions"}],"predecessor-version":[{"id":2661,"href":"https:\/\/www.futbalofz.sk\/index.php\/wp-json\/wp\/v2\/pages\/286\/revisions\/2661"}],"wp:attachment":[{"href":"https:\/\/www.futbalofz.sk\/index.php\/wp-json\/wp\/v2\/media?parent=286"}],"curies":[{"name":"wp","href":"https:\/\/api.w.org\/{rel}","templated":true}]}}