{"id":2619,"date":"2026-03-30T21:53:18","date_gmt":"2026-03-30T19:53:18","guid":{"rendered":"https:\/\/www.futbalofz.sk\/?page_id=2619"},"modified":"2026-04-24T08:11:32","modified_gmt":"2026-04-24T06:11:32","slug":"hlavni-funkcionari","status":"publish","type":"page","link":"https:\/\/www.futbalofz.sk\/index.php\/hlavni-funkcionari\/","title":{"rendered":"Hlavn\u00ed funkcion\u00e1ri OFZ"},"content":{"rendered":"<details id=\"e-n-accordion-item-1660\" open=\"\">\n<summary tabindex=\"0\" data-accordion-index=\"1\" aria-expanded=\"true\" aria-controls=\"e-n-accordion-item-1660\"><\/summary>\n<p><strong>Predseda OFZ<\/strong><br \/>Ing. Andrej STA\u0160INIAK<\/p>\n<p><strong>Sekretari\u00e1t + matrika OFZ<br \/><\/strong>Mgr. Franti\u0161ek SLAMEN\u00cdK<\/p>\n<p><span style=\"text-decoration: underline;\"><strong>V\u00fdkonn\u00fd v\u00fdbor:<br \/><\/strong><\/span><strong>\u010clen + Podpredseda OFZ = <\/strong>Juraj FERANEC<br \/><strong>\u010clen = <\/strong>Martin FILEK<br \/><strong>\u010clen = <\/strong>Mgr. J\u00e1n KUBOLEK<br \/><strong>\u010clen = <\/strong>Michal \u017dELEZ\u0147\u00c1K<\/p>\n<\/details><details id=\"e-n-accordion-item-1661\">\n<summary tabindex=\"-1\" data-accordion-index=\"2\" aria-expanded=\"false\" aria-controls=\"e-n-accordion-item-1661\">\u0160portovo-technick\u00e1 komisia<\/summary>\n<p><strong>Predseda = <\/strong>Juraj FERANEC<br \/><b>\u010clen = <\/b>Jozef PONI\u0160TIAK<br \/><b>\u010clen<br \/><\/b><b>\u010clen<br \/><\/b><\/p>\n<\/details><details id=\"e-n-accordion-item-1662\">\n<summary tabindex=\"-1\" data-accordion-index=\"3\" aria-expanded=\"false\" aria-controls=\"e-n-accordion-item-1662\">Disciplin\u00e1rna komisia<\/summary>\n<p><b>Predseda = <\/b>Juraj SIMAN<br \/><b>\u010clen = <\/b>Ing. Ladislav BABINSK\u00dd<br \/><b>\u010clen = <\/b>Ivan KOPTA<b><br \/><\/b><\/p>\n<\/details><details id=\"e-n-accordion-item-1663\">\n<summary tabindex=\"-1\" data-accordion-index=\"4\" aria-expanded=\"false\" aria-controls=\"e-n-accordion-item-1663\">Komisia rozhodcov<\/summary>\n<p><b>Predseda = <\/b>Michal \u017delez\u0148\u00e1k<br \/><b>Podpredseda = <\/b>Mat\u00fa\u0161 GREGOREC (obsadzovac\u00ed \u00fasek)<br \/><b>\u010clen =<\/b>Milan Jan\u010do<br \/><b>\u010clen =<\/b>Michal GREGOREC<br \/><b>\u010clen =<\/b>Petra VAJDE\u010cKOV\u00c1<\/p>\n<\/details><details id=\"e-n-accordion-item-1664\">\n<summary tabindex=\"-1\" data-accordion-index=\"5\" aria-expanded=\"false\" aria-controls=\"e-n-accordion-item-1664\">Rev\u00edzna komisia<\/summary>\n<p><b>Predseda = <\/b>funkcia neobsaden\u00e1<\/p>\n<\/details><details id=\"e-n-accordion-item-1665\">\n<summary tabindex=\"-1\" data-accordion-index=\"6\" aria-expanded=\"false\" aria-controls=\"e-n-accordion-item-1665\">Odvolacia komisia<\/summary>\n<p><b>Predseda =<\/b>Mgr. Stanislav KORMA\u0147\u00c1K<br \/><strong>\u010dlen<\/strong> = Ing Tom\u00e1\u0161 RON\u010c\u00c1K<br \/><strong>\u010dlen<\/strong> = Mgr. Marcel BEDN\u00c1R<\/p>\n<\/details><details id=\"e-n-accordion-item-1666\">\n<summary tabindex=\"-1\" data-accordion-index=\"7\" aria-expanded=\"false\" aria-controls=\"e-n-accordion-item-1666\">Tr\u00e9nersko-metodick\u00e1 komisia<\/summary>\n<p><b>Predseda =<\/b>Martin FILEK<br \/><b>\u010dlen =<\/b>Mgr. Tom\u00e1\u0161 SMATAN\u00cdK<br \/><b>\u010dlen =<\/b>Andrej BR\u010c\u00c1K<\/p>\n<\/details><details id=\"e-n-accordion-item-1667\">\n<summary tabindex=\"-1\" data-accordion-index=\"8\" aria-expanded=\"false\" aria-controls=\"e-n-accordion-item-1667\">Hospod\u00e1rska komisia<br \/><strong>Predseda<\/strong> = Mgr. J\u00e1n KUBOLEK<\/summary>\n<\/details>\n\n\n<p class=\"has-medium-font-size\"><strong>Hlavn\u00ed funkcion\u00e1ri klubov OFZ:<\/strong><\/p>\n\n\n\n<figure class=\"wp-block-table\"><table><thead><tr><th>p.\u010d.                     <\/th><th>N\u00e1zov Klubu<\/th><th>I\u010cO         <\/th><th>adresa         <\/th><th>email<\/th><th>\u0161tatut\u00e1r<\/th><th>ISSF mana\u017e\u00e9r<\/th><th>email ISSF mana\u017e\u00e9ra<\/th><th>tel. \u010d\u00edslo ISSF mana\u017e\u00e9ra<\/th><\/tr><\/thead><tbody><tr><td><\/td><td><\/td><td><\/td><td><\/td><td><\/td><td><\/td><td><\/td><td><\/td><td><\/td><\/tr><tr><td><\/td><td><\/td><td><\/td><td><\/td><td><\/td><td><\/td><td><\/td><td><\/td><td><\/td><\/tr><tr><td><\/td><td><\/td><td><\/td><td><\/td><td><\/td><td><\/td><td><\/td><td><\/td><td><\/td><\/tr><tr><td><\/td><td><\/td><td><\/td><td><\/td><td><\/td><td><\/td><td><\/td><td><\/td><td><\/td><\/tr><tr><td><\/td><td><\/td><td><\/td><td><\/td><td><\/td><td><\/td><td><\/td><td><\/td><td><\/td><\/tr><tr><td><\/td><td><\/td><td><\/td><td><\/td><td><\/td><td><\/td><td><\/td><td><\/td><td><\/td><\/tr><tr><td><\/td><td><\/td><td><\/td><td><\/td><td><\/td><td><\/td><td><\/td><td><\/td><td><\/td><\/tr><tr><td><\/td><td><\/td><td><\/td><td><\/td><td><\/td><td><\/td><td><\/td><td><\/td><td><\/td><\/tr><tr><td><\/td><td><\/td><td><\/td><td><\/td><td><\/td><td><\/td><td><\/td><td><\/td><td><\/td><\/tr><tr><td><\/td><td><\/td><td><\/td><td><\/td><td><\/td><td><\/td><td><\/td><td><\/td><td><\/td><\/tr><tr><td><\/td><td><\/td><td><\/td><td><\/td><td><\/td><td><\/td><td><\/td><td><\/td><td><\/td><\/tr><tr><td><\/td><td><\/td><td><\/td><td><\/td><td><\/td><td><\/td><td><\/td><td><\/td><td><\/td><\/tr><tr><td><\/td><td><\/td><td><\/td><td><\/td><td><\/td><td><\/td><td><\/td><td><\/td><td><\/td><\/tr><tr><td><\/td><td><\/td><td><\/td><td><\/td><td><\/td><td><\/td><td><\/td><td><\/td><td><\/td><\/tr><tr><td><\/td><td><\/td><td><\/td><td><\/td><td><\/td><td><\/td><td><\/td><td><\/td><td><\/td><\/tr><tr><td><\/td><td><\/td><td><\/td><td><\/td><td><\/td><td><\/td><td><\/td><td><\/td><td><\/td><\/tr><tr><td><\/td><td><\/td><td><\/td><td><\/td><td><\/td><td><\/td><td><\/td><td><\/td><td><\/td><\/tr><tr><td><\/td><td><\/td><td><\/td><td><\/td><td><\/td><td><\/td><td><\/td><td><\/td><td><\/td><\/tr><tr><td><\/td><td><\/td><td><\/td><td><\/td><td><\/td><td><\/td><td><\/td><td><\/td><td><\/td><\/tr><tr><td><\/td><td><\/td><td><\/td><td><\/td><td><\/td><td><\/td><td><\/td><td><\/td><td><\/td><\/tr><tr><td><\/td><td><\/td><td><\/td><td><\/td><td><\/td><td><\/td><td><\/td><td><\/td><td><\/td><\/tr><tr><td><\/td><td><\/td><td><\/td><td><\/td><td><\/td><td><\/td><td><\/td><td><\/td><td><\/td><\/tr><tr><td><\/td><td><\/td><td><\/td><td><\/td><td><\/td><td><\/td><td><\/td><td><\/td><td><\/td><\/tr><tr><td><\/td><td><\/td><td><\/td><td><\/td><td><\/td><td><\/td><td><\/td><td><\/td><td><\/td><\/tr><tr><td><\/td><td><\/td><td><\/td><td><\/td><td><\/td><td><\/td><td><\/td><td><\/td><td><\/td><\/tr><tr><td><\/td><td><\/td><td><\/td><td><\/td><td><\/td><td><\/td><td><\/td><td><\/td><td><\/td><\/tr><tr><td><\/td><td><\/td><td><\/td><td><\/td><td><\/td><td><\/td><td><\/td><td><\/td><td><\/td><\/tr><tr><td><\/td><td><\/td><td><\/td><td><\/td><td><\/td><td><\/td><td><\/td><td><\/td><td><\/td><\/tr><tr><td><\/td><td><\/td><td><\/td><td><\/td><td><\/td><td><\/td><td><\/td><td><\/td><td><\/td><\/tr><tr><td><\/td><td><\/td><td><\/td><td><\/td><td><\/td><td><\/td><td><\/td><td><\/td><td><\/td><\/tr><tr><td><\/td><td><\/td><td><\/td><td><\/td><td><\/td><td><\/td><td><\/td><td><\/td><td><\/td><\/tr><tr><td><\/td><td><\/td><td><\/td><td><\/td><td><\/td><td><\/td><td><\/td><td><\/td><td><\/td><\/tr><tr><td><\/td><td><\/td><td><\/td><td><\/td><td><\/td><td><\/td><td><\/td><td><\/td><td><\/td><\/tr><tr><td><\/td><td><\/td><td><\/td><td><\/td><td><\/td><td><\/td><td><\/td><td><\/td><td><\/td><\/tr><tr><td><\/td><td><\/td><td><\/td><td><\/td><td><\/td><td><\/td><td><\/td><td><\/td><td><\/td><\/tr><tr><td><\/td><td><\/td><td><\/td><td><\/td><td><\/td><td><\/td><td><\/td><td><\/td><td><\/td><\/tr><tr><td><\/td><td><\/td><td><\/td><td><\/td><td><\/td><td><\/td><td><\/td><td><\/td><td><\/td><\/tr><tr><td><\/td><td><\/td><td><\/td><td><\/td><td><\/td><td><\/td><td><\/td><td><\/td><td><\/td><\/tr><tr><td><\/td><td><\/td><td><\/td><td><\/td><td><\/td><td><\/td><td><\/td><td><\/td><td><\/td><\/tr><tr><td><\/td><td><\/td><td><\/td><td><\/td><td><\/td><td><\/td><td><\/td><td><\/td><td><\/td><\/tr><tr><td><\/td><td><\/td><td><\/td><td><\/td><td><\/td><td><\/td><td><\/td><td><\/td><td><\/td><\/tr><tr><td><\/td><td><\/td><td><\/td><td><\/td><td><\/td><td><\/td><td><\/td><td><\/td><td><\/td><\/tr><tr><td><\/td><td><\/td><td><\/td><td><\/td><td><\/td><td><\/td><td><\/td><td><\/td><td><\/td><\/tr><tr><td><\/td><td><\/td><td><\/td><td><\/td><td><\/td><td><\/td><td><\/td><td><\/td><td><\/td><\/tr><tr><td><\/td><td><\/td><td><\/td><td><\/td><td><\/td><td><\/td><td><\/td><td><\/td><td><\/td><\/tr><tr><td><\/td><td><\/td><td><\/td><td><\/td><td><\/td><td><\/td><td><\/td><td><\/td><td><\/td><\/tr><tr><td><\/td><td><\/td><td><\/td><td><\/td><td><\/td><td><\/td><td><\/td><td><\/td><td><\/td><\/tr><tr><td><\/td><td><\/td><td><\/td><td><\/td><td><\/td><td><\/td><td><\/td><td><\/td><td><\/td><\/tr><tr><td><\/td><td><\/td><td><\/td><td><\/td><td><\/td><td><\/td><td><\/td><td><\/td><td><\/td><\/tr><tr><td><\/td><td><\/td><td><\/td><td><\/td><td><\/td><td><\/td><td><\/td><td><\/td><td><\/td><\/tr><\/tbody><\/table><\/figure>\n\n\n\n<p><\/p>\n","protected":false},"excerpt":{"rendered":"<p>Predseda OFZIng. Andrej STA\u0160INIAK Sekretari\u00e1t + matrika OFZMgr. Franti\u0161ek SLAMEN\u00cdK V\u00fdkonn\u00fd v\u00fdbor:\u010clen + Podpredseda OFZ = &hellip; <a title=\"Hlavn\u00ed funkcion\u00e1ri OFZ\" class=\"hm-read-more\" href=\"https:\/\/www.futbalofz.sk\/index.php\/hlavni-funkcionari\/\"><span class=\"screen-reader-text\">Hlavn\u00ed funkcion\u00e1ri OFZ<\/span>Read more<\/a><\/p>\n","protected":false},"author":4,"featured_media":0,"parent":0,"menu_order":0,"comment_status":"closed","ping_status":"closed","template":"","meta":{"footnotes":""},"class_list":["post-2619","page","type-page","status-publish","hentry"],"_links":{"self":[{"href":"https:\/\/www.futbalofz.sk\/index.php\/wp-json\/wp\/v2\/pages\/2619","targetHints":{"allow":["GET"]}}],"collection":[{"href":"https:\/\/www.futbalofz.sk\/index.php\/wp-json\/wp\/v2\/pages"}],"about":[{"href":"https:\/\/www.futbalofz.sk\/index.php\/wp-json\/wp\/v2\/types\/page"}],"author":[{"embeddable":true,"href":"https:\/\/www.futbalofz.sk\/index.php\/wp-json\/wp\/v2\/users\/4"}],"replies":[{"embeddable":true,"href":"https:\/\/www.futbalofz.sk\/index.php\/wp-json\/wp\/v2\/comments?post=2619"}],"version-history":[{"count":4,"href":"https:\/\/www.futbalofz.sk\/index.php\/wp-json\/wp\/v2\/pages\/2619\/revisions"}],"predecessor-version":[{"id":2921,"href":"https:\/\/www.futbalofz.sk\/index.php\/wp-json\/wp\/v2\/pages\/2619\/revisions\/2921"}],"wp:attachment":[{"href":"https:\/\/www.futbalofz.sk\/index.php\/wp-json\/wp\/v2\/media?parent=2619"}],"curies":[{"name":"wp","href":"https:\/\/api.w.org\/{rel}","templated":true}]}}