{"id":234,"date":"2025-02-19T18:53:34","date_gmt":"2025-02-19T17:53:34","guid":{"rendered":"https:\/\/www.futbalofz.sk\/?page_id=234"},"modified":"2025-08-29T09:36:54","modified_gmt":"2025-08-29T07:36:54","slug":"rozhodcovia","status":"publish","type":"page","link":"https:\/\/www.futbalofz.sk\/index.php\/rozhodcovia\/","title":{"rendered":"Rozhodcovia"},"content":{"rendered":"\n<p><\/p>\n\n\n<table style=\"height: 2513px;\" width=\"1076\">\n<tbody>\n<tr>\n<td colspan=\"2\" width=\"438\"><strong>NOMINA\u010cN\u00c1 LISTINA ROZHODCOV OFZ\u00a0\u00a0 2025-2026<\/strong><\/td>\n<td width=\"120\">\u00a0<\/td>\n<\/tr>\n<tr>\n<td colspan=\"2\"><strong>REPUBLIKOV\u00c9, REGION\u00c1LNE A OBLASTN\u00c9 S\u00da\u0164A\u017dE<\/strong><\/td>\n<td>\u00a0<\/td>\n<\/tr>\n<tr>\n<td>\u00a0<\/td>\n<td>\u00a0<\/td>\n<td>\u00a0<\/td>\n<\/tr>\n<tr>\n<td><strong>SFZ (6)<\/strong><\/td>\n<td>\u00a0<\/td>\n<td>\u00a0<\/td>\n<\/tr>\n<tr>\n<td style=\"text-align: left;\">Gregorec Mat\u00fa\u0161<\/td>\n<td style=\"text-align: left;\">Kuku\u010d\u00ednova 406, 027 44 Tvrdo\u0161\u00edn<\/td>\n<td style=\"text-align: left;\">944406046<\/td>\n<\/tr>\n<tr>\n<td>Gregorec Michal<\/td>\n<td>Kuku\u010d\u00ednova 406, 027 44 Tvrdo\u0161\u00edn<\/td>\n<td>949548086<\/td>\n<\/tr>\n<tr>\n<td>Hra\u0161ko Peter<\/td>\n<td>Or. Poruba 251, 027 54 p. Veli\u010dn\u00e1<\/td>\n<td>903 827 741<\/td>\n<\/tr>\n<tr>\n<td>Janid\u017e\u00e1r Mat\u00fa\u0161<\/td>\n<td>Cho\u010dsk\u00e1 1534\/17, DK<\/td>\n<td>901 703 257<\/td>\n<\/tr>\n<tr>\n<td>Mens\u00e1r Daniel<\/td>\n<td>Medvedzie 167, 027 44 TS<\/td>\n<td>910 251 679<\/td>\n<\/tr>\n<tr>\n<td>\u017delez\u0148\u00e1k Michal\u00a0<\/td>\n<td>\u010cSA 124\/43, 028 01 Trsten\u00e1<\/td>\n<td>915 588 679<\/td>\n<\/tr>\n<tr>\n<td>\u00a0<\/td>\n<td>\u00a0<\/td>\n<td>\u00a0<\/td>\n<\/tr>\n<tr>\n<td><strong>IV.L (4)<\/strong><\/td>\n<td>\u00a0<\/td>\n<td>\u00a0<\/td>\n<\/tr>\n<tr>\n<td>Herdel Martin<\/td>\n<td>Star\u00e1 bobrovsk\u00e1 145, 029 43 Zubrohlava<\/td>\n<td>902 182 191<\/td>\n<\/tr>\n<tr>\n<td>Kuba\u010dka Du\u0161an\u00a0<\/td>\n<td>Okru\u017en\u00e1 2057\/14, 026 01 DK<\/td>\n<td>907 551 228<\/td>\n<\/tr>\n<tr>\n<td>Vajdiar Roman<\/td>\n<td>Lokca 273, 029 51<\/td>\n<td>949 142 273<\/td>\n<\/tr>\n<tr>\n<td>Jan\u010do Milan<\/td>\n<td>Z\u00e1pad 1056\/14, 028 01 Trsten\u00e1<\/td>\n<td>907 569 848<\/td>\n<\/tr>\n<tr>\n<td>\u00a0<\/td>\n<td>\u00a0<\/td>\n<td>\u00a0<\/td>\n<\/tr>\n<tr>\n<td><strong>V.L (3)<\/strong><\/td>\n<td>\u00a0<\/td>\n<td>\u00a0<\/td>\n<\/tr>\n<tr>\n<td>Duraj Michal<\/td>\n<td>Bziny Lazy 2082\/5, 026 01 DK<\/td>\n<td>902 259 788<\/td>\n<\/tr>\n<tr>\n<td>Kyta\u0161 Ivan<\/td>\n<td>Va\u0148ovka 851\/6, 029 52 Hru\u0161t\u00edn<\/td>\n<td>949380784<\/td>\n<\/tr>\n<tr>\n<td>Vajde\u010dkov\u00e1 Petra<\/td>\n<td>Oslobodenia 901\/22, 028 01 Trsten\u00e1<\/td>\n<td>948 595 607<\/td>\n<\/tr>\n<tr>\n<td>\u00a0<\/td>\n<td>\u00a0<\/td>\n<td>\u00a0<\/td>\n<\/tr>\n<tr>\n<td><strong>VI.L (4)<\/strong><\/td>\n<td>\u00a0<\/td>\n<td>\u00a0<\/td>\n<\/tr>\n<tr>\n<td>Matej\u010d\u00edk Jozef<\/td>\n<td>Breza 195, 029 53<\/td>\n<td>902 325 715<\/td>\n<\/tr>\n<tr>\n<td>Uhorskai Michal<\/td>\n<td>Brezoveck\u00e1 16\/22, 026 01 DK<\/td>\n<td>905 185 005<\/td>\n<\/tr>\n<tr>\n<td>Vitanovcov\u00e1 Ren\u00e1ta<\/td>\n<td>N\u00e1mestovo<\/td>\n<td>915 187 382<\/td>\n<\/tr>\n<tr>\n<td>Gregorec D\u00e1vid<\/td>\n<td>Kuku\u010d\u00ednova 406, 027 44 Tvrdo\u0161\u00edn<\/td>\n<td>944 186 572<\/td>\n<\/tr>\n<tr>\n<td>\u00a0<\/td>\n<td>\u00a0<\/td>\n<td>\u00a0<\/td>\n<\/tr>\n<tr>\n<td colspan=\"2\"><strong>OBLASTN\u00c9 S\u00da\u0164A\u017dE (31)<\/strong><\/td>\n<td>\u00a0<\/td>\n<\/tr>\n<tr>\n<td>Bako\u0161 Andrej\u00a0\u00a0<\/td>\n<td>\u017da\u0161kov<\/td>\n<td>949 782 339<\/td>\n<\/tr>\n<tr>\n<td>Balek Miroslav<\/td>\n<td>Or.Polhora \u010d.870, 029 47<\/td>\n<td>905 429 396<\/td>\n<\/tr>\n<tr>\n<td>Farsk\u00fd Vladim\u00edr<\/td>\n<td>Slne\u010dn\u00e1 163, 029 01 NO<\/td>\n<td>904 861 774<\/td>\n<\/tr>\n<tr>\n<td>Gerek \u013dubom\u00edr<\/td>\n<td>Vetern\u00e1 156, 029 01 NO<\/td>\n<td>915 837 665<\/td>\n<\/tr>\n<tr>\n<td>Jan\u010do R\u00f3bert<\/td>\n<td>Z\u00e1pad 1054\/7, 028 01 Trsten\u00e1<\/td>\n<td>910 453 709<\/td>\n<\/tr>\n<tr>\n<td>Katren\u010d\u00edk Marek<\/td>\n<td>Okru\u017en\u00e1 2059\/24, 026 01 DK<\/td>\n<td>908 079455<\/td>\n<\/tr>\n<tr>\n<td>Kubas\u00e1k Andrej<\/td>\n<td>Zubrohlava 182, 029 43 Zubrohlava<\/td>\n<td>914 161 006<\/td>\n<\/tr>\n<tr>\n<td>Kubolek Karol<\/td>\n<td>Hru\u0161t\u00edn 176, 029 52<\/td>\n<td>904 318 176<\/td>\n<\/tr>\n<tr>\n<td>Melicher\u010d\u00edk Milan<\/td>\n<td>Komensk\u00e9ho 509\/12, 029 01 NO<\/td>\n<td>911 814 070<\/td>\n<\/tr>\n<tr>\n<td>Ogurekov\u00e1 Nat\u00e1lia<\/td>\n<td>Bab\u00edn34, 02952<\/td>\n<td>917 313 475<\/td>\n<\/tr>\n<tr>\n<td>Pobeha Ivan<\/td>\n<td>Hlavn\u00e1 258, 027 21 \u017da\u0161kov<\/td>\n<td>908 885 753<\/td>\n<\/tr>\n<tr>\n<td>Pavl\u00e1k Peter<\/td>\n<td>Klinec I. \u010d.193, 029 43 Zubrohlava<\/td>\n<td>910 562 717<\/td>\n<\/tr>\n<tr>\n<td>Vajdiar Jozef<\/td>\n<td>Lokca 273, 029 51<\/td>\n<td>949 152 959<\/td>\n<\/tr>\n<tr>\n<td>Chudiak Mat\u00fa\u0161<\/td>\n<td>Doln\u00fd Kub\u00edn<\/td>\n<td>917 596 266<\/td>\n<\/tr>\n<tr>\n<td>\u0160pag\u013ea Michal<\/td>\n<td>Kru\u0161etnica<\/td>\n<td>950 456 360<\/td>\n<\/tr>\n<tr>\n<td>Matej\u010d\u00e1k Marek<\/td>\n<td>Liesek<\/td>\n<td>902 647 564<\/td>\n<\/tr>\n<tr>\n<td>Jan\u010do Dami\u00e1n<\/td>\n<td>Trsten\u00e1<\/td>\n<td>904 981 170<\/td>\n<\/tr>\n<tr>\n<td>Jan\u010do Kevin<\/td>\n<td>Trsten\u00e1<\/td>\n<td>904 981 874<\/td>\n<\/tr>\n<tr>\n<td>Kov\u00e1\u010dik Michal\u00a0<\/td>\n<td>Oravsk\u00e1 Poruba<\/td>\n<td>950 657 131<\/td>\n<\/tr>\n<tr>\n<td>Tur\u0148a Juraj<\/td>\n<td>N\u00e1mestovo<\/td>\n<td>908 687 212<\/td>\n<\/tr>\n<tr>\n<td>Bystriansky Horyslav<\/td>\n<td>Doln\u00fd Kub\u00edn<\/td>\n<td>915 828 001<\/td>\n<\/tr>\n<tr>\n<td>Vlkolinsk\u00fd Martin<\/td>\n<td>Cho\u010dsk\u00e1 1527\/7 02601 Doln\u00fd Kub\u00edn<\/td>\n<td>911 207 523<\/td>\n<\/tr>\n<tr>\n<td>Le\u0161tinsk\u00fd Alexej Michal<\/td>\n<td>Z\u00e1pad 1145\/38-58, 028 01 Trsten\u00e1<\/td>\n<td>951 699 902<\/td>\n<\/tr>\n<tr>\n<td>Le\u0161tinsk\u00fd Sebasti\u00e1n<\/td>\n<td>\u00a0 Z\u00e1pad 1145\/38-58, 028 01 Trsten\u00e1<\/td>\n<td>951 460 026<\/td>\n<\/tr>\n<tr>\n<td>\u0160kuta \u0160tefan<\/td>\n<td>Oravsk\u00e1 Poruba 45, Veli\u010dn\u00e1 027 54<\/td>\n<td>944 218 634<\/td>\n<\/tr>\n<tr>\n<td>\u0160kuta Jakub<\/td>\n<td>\u00a0 Oravsk\u00e1 Poruba 45, Veli\u010dn\u00e1 027 54<\/td>\n<td>940 874 837<\/td>\n<\/tr>\n<tr>\n<td>Juriga Jaroslav<\/td>\n<td>Breza 469, 029 53<\/td>\n<td>903 388 368<\/td>\n<\/tr>\n<tr>\n<td>K\u0161enzul\u00e1k Adam<\/td>\n<td>Kru\u0161etnica 82, 029 54<\/td>\n<td>915 338 090<\/td>\n<\/tr>\n<tr>\n<td>Mi\u0161kovec \u0160imon<\/td>\n<td>\u00a0 Kru\u0161etnica 16, 029 54<\/td>\n<td>908 875 316<\/td>\n<\/tr>\n<tr>\n<td>Kubas\u00e1k Filip<\/td>\n<td>\u00a0 Klinec I, 182\/24, Zubrohlava 029 43<\/td>\n<td>944 242 241<\/td>\n<\/tr>\n<tr>\n<td><strong>\u010cakatelia (17)<\/strong><\/td>\n<td>\u00a0<\/td>\n<td>\u00a0<\/td>\n<\/tr>\n<tr>\n<td>Bodn\u00e1r Mat\u00fa\u0161<\/td>\n<td>Bliechy 395, 02712 Liesek<\/td>\n<td>940 346 738<\/td>\n<\/tr>\n<tr>\n<td>G\u00e1bor Michal<\/td>\n<td>Bab\u00edn 363<\/td>\n<td>903362409<\/td>\n<\/tr>\n<tr>\n<td>Fuckul\u00e1k Martin<\/td>\n<td>Bab\u00edn 206<\/td>\n<td>904 503 772<\/td>\n<\/tr>\n<tr>\n<td>\u010eobek Gregor<\/td>\n<td>Bab\u00edn 240<\/td>\n<td>904 949 976<\/td>\n<\/tr>\n<tr>\n<td>Liss Matej<\/td>\n<td>Z\u00e1pad 1142\/27, 02801 Trsten\u00e1<\/td>\n<td>948 939 909<\/td>\n<\/tr>\n<tr>\n<td>Buliak Martin<\/td>\n<td>Kamenn\u00e1 ulica 149\/9, 02956 Z\u00e1kamenn\u00e9<\/td>\n<td>905 589 097<\/td>\n<\/tr>\n<tr>\n<td>Buliak Adam<\/td>\n<td>Kamenn\u00e1 ulica 149\/9, 02956 Z\u00e1kamenn\u00e9<\/td>\n<td>905 589 097<\/td>\n<\/tr>\n<tr>\n<td>Tuka Matej<\/td>\n<td>Vinti\u0161ka 69\/12, 027 43 Ni\u017en\u00e1<\/td>\n<td>944 709 131<\/td>\n<\/tr>\n<tr>\n<td>\u010carnock\u00fd Joach\u00fdm<\/td>\n<td>Vitanov\u00e1 257, 027 12 Liesek<\/td>\n<td>905 238 695<\/td>\n<\/tr>\n<tr>\n<td>Ondr\u00edk Jakub<\/td>\n<td>Vitanov\u00e1 Pod \u00fabo\u010d 458, 02712 Liesek<\/td>\n<td>949 327 864<\/td>\n<\/tr>\n<tr>\n<td>\u0160uhaj \u0160imon<\/td>\n<td>Vitanov\u00e1 Ko\u0161arisk\u00e1 228, 02712 Liesek<\/td>\n<td>949 366 611<\/td>\n<\/tr>\n<tr>\n<td>Ron\u010d\u00e1k Tom\u00e1\u0161<\/td>\n<td>Porie\u010die 1187\/288, 02956 Z\u00e1kamenn\u00e9<\/td>\n<td>917 088 384<\/td>\n<\/tr>\n<tr>\n<td>Koc\u00far J\u00e1n<\/td>\n<td>Porie\u010die 1346\/85, 029 56 Z\u00e1kamenn\u00e9<\/td>\n<td>917 571 710<\/td>\n<\/tr>\n<tr>\n<td>Fernerov\u00e1 Nat\u00e1lia<\/td>\n<td>Komensk\u00e9ho 509\/12, 029 01 N\u00e1mestovo<\/td>\n<td>949 567 994<\/td>\n<\/tr>\n<tr>\n<td>Prisen\u017e\u0148\u00e1k Viliam<\/td>\n<td>Nad \u0161kolou 711\/25, 02943 Zubrohlava<\/td>\n<td>917\u00a0818\u00a0950<\/td>\n<\/tr>\n<tr>\n<td style=\"text-align: left;\">Michal\u010d\u00edkov\u00e1 Michaela<\/td>\n<td style=\"text-align: left;\">Severn\u00e1 657\/10, 02951 Lokca<\/td>\n<td style=\"text-align: left;\">908\u00a0425\u00a0702<\/td>\n<\/tr>\n<\/tbody>\n<\/table>","protected":false},"excerpt":{"rendered":"<p>NOMINA\u010cN\u00c1 LISTINA ROZHODCOV OFZ\u00a0\u00a0 2025-2026 \u00a0 REPUBLIKOV\u00c9, REGION\u00c1LNE A OBLASTN\u00c9 S\u00da\u0164A\u017dE \u00a0 \u00a0 \u00a0 \u00a0 SFZ &hellip; <a title=\"Rozhodcovia\" class=\"hm-read-more\" href=\"https:\/\/www.futbalofz.sk\/index.php\/rozhodcovia\/\"><span class=\"screen-reader-text\">Rozhodcovia<\/span>Read more<\/a><\/p>\n","protected":false},"author":4,"featured_media":0,"parent":0,"menu_order":0,"comment_status":"closed","ping_status":"closed","template":"","meta":{"footnotes":""},"class_list":["post-234","page","type-page","status-publish","hentry"],"_links":{"self":[{"href":"https:\/\/www.futbalofz.sk\/index.php\/wp-json\/wp\/v2\/pages\/234","targetHints":{"allow":["GET"]}}],"collection":[{"href":"https:\/\/www.futbalofz.sk\/index.php\/wp-json\/wp\/v2\/pages"}],"about":[{"href":"https:\/\/www.futbalofz.sk\/index.php\/wp-json\/wp\/v2\/types\/page"}],"author":[{"embeddable":true,"href":"https:\/\/www.futbalofz.sk\/index.php\/wp-json\/wp\/v2\/users\/4"}],"replies":[{"embeddable":true,"href":"https:\/\/www.futbalofz.sk\/index.php\/wp-json\/wp\/v2\/comments?post=234"}],"version-history":[{"count":17,"href":"https:\/\/www.futbalofz.sk\/index.php\/wp-json\/wp\/v2\/pages\/234\/revisions"}],"predecessor-version":[{"id":2082,"href":"https:\/\/www.futbalofz.sk\/index.php\/wp-json\/wp\/v2\/pages\/234\/revisions\/2082"}],"wp:attachment":[{"href":"https:\/\/www.futbalofz.sk\/index.php\/wp-json\/wp\/v2\/media?parent=234"}],"curies":[{"name":"wp","href":"https:\/\/api.w.org\/{rel}","templated":true}]}}