{"id":212,"date":"2025-02-19T18:19:00","date_gmt":"2025-02-19T17:19:00","guid":{"rendered":"https:\/\/www.futbalofz.sk\/?page_id=212"},"modified":"2025-07-07T10:51:02","modified_gmt":"2025-07-07T08:51:02","slug":"pravidla-a-normy","status":"publish","type":"page","link":"https:\/\/www.futbalofz.sk\/index.php\/pravidla-a-normy\/","title":{"rendered":"Pravidl\u00e1 a normy"},"content":{"rendered":"\n<div class=\"wp-block-columns is-layout-flex wp-container-core-columns-is-layout-9d6595d7 wp-block-columns-is-layout-flex\">\n<div class=\"wp-block-column is-layout-flow wp-block-column-is-layout-flow\">\n<div class=\"wp-block-group is-layout-grid wp-container-core-group-is-layout-baef362d wp-block-group-is-layout-grid\">\n<p><strong>Registra\u010dn\u00fd a prestupov\u00fd poriadok SFZ<\/strong><\/p>\n\n\n\n<div class=\"wp-block-file\"><a id=\"wp-block-file--media-027f3453-9126-4000-a1d8-c153ea0cf2cc\" href=\"https:\/\/www.futbalofz.sk\/wp-content\/uploads\/2025\/07\/RaPP-od-1.7.2025.pdf\">RaPP od 1.7.2025<\/a><a href=\"https:\/\/www.futbalofz.sk\/wp-content\/uploads\/2025\/07\/RaPP-od-1.7.2025.pdf\" class=\"wp-block-file__button wp-element-button\" download aria-describedby=\"wp-block-file--media-027f3453-9126-4000-a1d8-c153ea0cf2cc\">Stiahnu\u0165<\/a><\/div>\n\n\n\n<p><strong>Disciplin\u00e1rny poriadok SFZ<\/strong><\/p>\n\n\n\n<div class=\"wp-block-file\"><a id=\"wp-block-file--media-2cba2d1b-1029-4b73-9463-00c7d4f82699\" href=\"https:\/\/www.futbalofz.sk\/wp-content\/uploads\/2025\/07\/DP-od-1.7.2025.pdf\">DP od 1.7.2025<\/a><a href=\"https:\/\/www.futbalofz.sk\/wp-content\/uploads\/2025\/07\/DP-od-1.7.2025.pdf\" class=\"wp-block-file__button wp-element-button\" download aria-describedby=\"wp-block-file--media-2cba2d1b-1029-4b73-9463-00c7d4f82699\">Stiahnu\u0165<\/a><\/div>\n\n\n\n<p><strong>S\u00fa\u0165a\u017en\u00fd poriadok SFZ<\/strong><\/p>\n\n\n\n<div class=\"wp-block-file\"><a id=\"wp-block-file--media-553afb04-da13-4a38-a9b0-d6a9bd078198\" href=\"https:\/\/www.futbalofz.sk\/wp-content\/uploads\/2025\/07\/SP-od-1.7.2025.pdf\">SP od 1.7.2025<\/a><a href=\"https:\/\/www.futbalofz.sk\/wp-content\/uploads\/2025\/07\/SP-od-1.7.2025.pdf\" class=\"wp-block-file__button wp-element-button\" download aria-describedby=\"wp-block-file--media-553afb04-da13-4a38-a9b0-d6a9bd078198\">Stiahnu\u0165<\/a><\/div>\n<\/div>\n<\/div>\n<\/div>\n\n\n\n<p><\/p>\n","protected":false},"excerpt":{"rendered":"<p>Registra\u010dn\u00fd a prestupov\u00fd poriadok SFZ Disciplin\u00e1rny poriadok SFZ S\u00fa\u0165a\u017en\u00fd poriadok SFZ<\/p>\n","protected":false},"author":4,"featured_media":0,"parent":0,"menu_order":0,"comment_status":"closed","ping_status":"closed","template":"","meta":{"footnotes":""},"class_list":["post-212","page","type-page","status-publish","hentry"],"_links":{"self":[{"href":"https:\/\/www.futbalofz.sk\/index.php\/wp-json\/wp\/v2\/pages\/212","targetHints":{"allow":["GET"]}}],"collection":[{"href":"https:\/\/www.futbalofz.sk\/index.php\/wp-json\/wp\/v2\/pages"}],"about":[{"href":"https:\/\/www.futbalofz.sk\/index.php\/wp-json\/wp\/v2\/types\/page"}],"author":[{"embeddable":true,"href":"https:\/\/www.futbalofz.sk\/index.php\/wp-json\/wp\/v2\/users\/4"}],"replies":[{"embeddable":true,"href":"https:\/\/www.futbalofz.sk\/index.php\/wp-json\/wp\/v2\/comments?post=212"}],"version-history":[{"count":5,"href":"https:\/\/www.futbalofz.sk\/index.php\/wp-json\/wp\/v2\/pages\/212\/revisions"}],"predecessor-version":[{"id":2010,"href":"https:\/\/www.futbalofz.sk\/index.php\/wp-json\/wp\/v2\/pages\/212\/revisions\/2010"}],"wp:attachment":[{"href":"https:\/\/www.futbalofz.sk\/index.php\/wp-json\/wp\/v2\/media?parent=212"}],"curies":[{"name":"wp","href":"https:\/\/api.w.org\/{rel}","templated":true}]}}