{"id":151,"date":"2025-02-16T17:27:35","date_gmt":"2025-02-16T16:27:35","guid":{"rendered":"https:\/\/www.futbalofz.sk\/?page_id=151"},"modified":"2025-02-19T18:11:26","modified_gmt":"2025-02-19T17:11:26","slug":"zakladne-dokumenty","status":"publish","type":"page","link":"https:\/\/www.futbalofz.sk\/index.php\/zakladne-dokumenty\/","title":{"rendered":"Z\u00e1kladn\u00e9 dokumenty"},"content":{"rendered":"\n<div class=\"wp-block-group is-layout-grid wp-container-core-group-is-layout-baef362d wp-block-group-is-layout-grid\">\n<div class=\"wp-block-columns is-layout-flex wp-container-core-columns-is-layout-9d6595d7 wp-block-columns-is-layout-flex\">\n<div class=\"wp-block-column is-layout-flow wp-block-column-is-layout-flow\" style=\"flex-basis:100%\">\n<p><strong>Stanovy OFZ<\/strong><\/p>\n<\/div>\n<\/div>\n\n\n\n<div class=\"wp-block-file wp-container-content-5e2576f9\"><a id=\"wp-block-file--media-a5dd15f0-46f2-4318-9a88-bbbf95e3f344\" href=\"https:\/\/www.futbalofz.sk\/wp-content\/uploads\/2025\/02\/stanovy-ofz-2021.doc\">Stanovy OFZ<\/a><a href=\"https:\/\/www.futbalofz.sk\/wp-content\/uploads\/2025\/02\/stanovy-ofz-2021.doc\" class=\"wp-block-file__button wp-element-button\" download aria-describedby=\"wp-block-file--media-a5dd15f0-46f2-4318-9a88-bbbf95e3f344\">Stiahnu\u0165<\/a><\/div>\n\n\n\n<div class=\"wp-block-columns is-layout-flex wp-container-core-columns-is-layout-9d6595d7 wp-block-columns-is-layout-flex\">\n<div class=\"wp-block-column is-layout-flow wp-block-column-is-layout-flow\" style=\"flex-basis:100%\">\n<p><strong>Organiza\u010dn\u00fd poriadok OFZ<\/strong><\/p>\n<\/div>\n<\/div>\n\n\n\n<div class=\"wp-block-file\"><a id=\"wp-block-file--media-94bc594e-286a-4906-a755-81585bb22bf3\" href=\"https:\/\/www.futbalofz.sk\/wp-content\/uploads\/2025\/02\/organizan-poriadok-ofz.doc\">Organiza\u010dn\u00fd poriadok OFZ<\/a><a href=\"https:\/\/www.futbalofz.sk\/wp-content\/uploads\/2025\/02\/organizan-poriadok-ofz.doc\" class=\"wp-block-file__button wp-element-button\" download aria-describedby=\"wp-block-file--media-94bc594e-286a-4906-a755-81585bb22bf3\">Stiahnu\u0165<\/a><\/div>\n\n\n\n<div class=\"wp-block-columns is-layout-flex wp-container-core-columns-is-layout-9d6595d7 wp-block-columns-is-layout-flex\">\n<div class=\"wp-block-column is-layout-flow wp-block-column-is-layout-flow\" style=\"flex-basis:100%\">\n<p><strong>Volebn\u00fd poriadok OFZ<\/strong><\/p>\n<\/div>\n<\/div>\n\n\n\n<div class=\"wp-block-file wp-container-content-5e2576f9\"><a id=\"wp-block-file--media-5c17a162-2968-4869-93c3-a573e407ed89\" href=\"https:\/\/www.futbalofz.sk\/wp-content\/uploads\/2025\/02\/Volebny-poriadok-OFZ.pdf\">Volebn\u00fd poriadok OFZ<\/a><a href=\"https:\/\/www.futbalofz.sk\/wp-content\/uploads\/2025\/02\/Volebny-poriadok-OFZ.pdf\" class=\"wp-block-file__button wp-element-button\" download aria-describedby=\"wp-block-file--media-5c17a162-2968-4869-93c3-a573e407ed89\">Stiahnu\u0165<\/a><\/div>\n\n\n\n<div class=\"wp-block-columns is-layout-flex wp-container-core-columns-is-layout-9d6595d7 wp-block-columns-is-layout-flex\">\n<div class=\"wp-block-column is-layout-flow wp-block-column-is-layout-flow\" style=\"flex-basis:100%\">\n<p><strong>Rokovac\u00ed poriadok OFZ<\/strong><\/p>\n<\/div>\n<\/div>\n\n\n\n<div class=\"wp-block-file wp-container-content-5e2576f9\"><a id=\"wp-block-file--media-fdf84a96-a986-4829-bebc-b93b15dbc1e0\" href=\"https:\/\/www.futbalofz.sk\/wp-content\/uploads\/2025\/02\/rokov.por_.dec_.2013-1.doc\">Rokovac\u00ed poriadok OFZ<\/a><a href=\"https:\/\/www.futbalofz.sk\/wp-content\/uploads\/2025\/02\/rokov.por_.dec_.2013-1.doc\" class=\"wp-block-file__button wp-element-button\" download aria-describedby=\"wp-block-file--media-fdf84a96-a986-4829-bebc-b93b15dbc1e0\">Stiahnu\u0165<\/a><\/div>\n<\/div>\n\n\n\n<div class=\"wp-block-columns is-layout-flex wp-container-core-columns-is-layout-9d6595d7 wp-block-columns-is-layout-flex\">\n<div class=\"wp-block-column is-layout-flow wp-block-column-is-layout-flow\"><\/div>\n\n\n\n<div class=\"wp-block-column is-layout-flow wp-block-column-is-layout-flow\"><\/div>\n<\/div>\n\n\n\n<p><\/p>\n","protected":false},"excerpt":{"rendered":"<p>Stanovy OFZ Organiza\u010dn\u00fd poriadok OFZ Volebn\u00fd poriadok OFZ Rokovac\u00ed poriadok OFZ<\/p>\n","protected":false},"author":4,"featured_media":0,"parent":0,"menu_order":0,"comment_status":"closed","ping_status":"closed","template":"","meta":{"footnotes":""},"class_list":["post-151","page","type-page","status-publish","hentry"],"_links":{"self":[{"href":"https:\/\/www.futbalofz.sk\/index.php\/wp-json\/wp\/v2\/pages\/151","targetHints":{"allow":["GET"]}}],"collection":[{"href":"https:\/\/www.futbalofz.sk\/index.php\/wp-json\/wp\/v2\/pages"}],"about":[{"href":"https:\/\/www.futbalofz.sk\/index.php\/wp-json\/wp\/v2\/types\/page"}],"author":[{"embeddable":true,"href":"https:\/\/www.futbalofz.sk\/index.php\/wp-json\/wp\/v2\/users\/4"}],"replies":[{"embeddable":true,"href":"https:\/\/www.futbalofz.sk\/index.php\/wp-json\/wp\/v2\/comments?post=151"}],"version-history":[{"count":3,"href":"https:\/\/www.futbalofz.sk\/index.php\/wp-json\/wp\/v2\/pages\/151\/revisions"}],"predecessor-version":[{"id":211,"href":"https:\/\/www.futbalofz.sk\/index.php\/wp-json\/wp\/v2\/pages\/151\/revisions\/211"}],"wp:attachment":[{"href":"https:\/\/www.futbalofz.sk\/index.php\/wp-json\/wp\/v2\/media?parent=151"}],"curies":[{"name":"wp","href":"https:\/\/api.w.org\/{rel}","templated":true}]}}